{"id":492,"date":"2023-10-01T16:22:52","date_gmt":"2023-10-01T14:22:52","guid":{"rendered":"https:\/\/madrigal-energies.fr\/?page_id=492"},"modified":"2024-09-05T14:33:02","modified_gmt":"2024-09-05T12:33:02","slug":"financiere-cee","status":"publish","type":"page","link":"https:\/\/madrigal-energies.fr\/index.php\/financiere-cee\/","title":{"rendered":"Financement CEE"},"content":{"rendered":"\t\t<div data-elementor-type=\"wp-page\" data-elementor-id=\"492\" class=\"elementor elementor-492\" data-elementor-post-type=\"page\">\n\t\t\t\t\t\t\t<div class=\"elementor-element elementor-element-bd9e275 e-con-full e-flex e-con e-parent\" data-id=\"bd9e275\" data-element_type=\"container\" data-settings=\"{&quot;content_width&quot;:&quot;full&quot;}\" data-core-v316-plus=\"true\">\n\t\t\t\t<div class=\"elementor-element elementor-element-d5f55c5 elementor-widget elementor-widget-image\" data-id=\"d5f55c5\" data-element_type=\"widget\" data-widget_type=\"image.default\">\n\t\t\t\t<div class=\"elementor-widget-container\">\n\t\t\t<style>\/*! elementor - v3.16.0 - 20-09-2023 *\/\n.elementor-widget-image{text-align:center}.elementor-widget-image a{display:inline-block}.elementor-widget-image a img[src$=\".svg\"]{width:48px}.elementor-widget-image img{vertical-align:middle;display:inline-block}<\/style>\t\t\t\t\t\t\t\t\t\t\t\t<img loading=\"lazy\" decoding=\"async\" width=\"1920\" height=\"400\" src=\"https:\/\/madrigal-energies.fr\/wp-content\/uploads\/2023\/10\/LEs-avantages-1920-x-400-px-2-1.png\" class=\"attachment-full size-full wp-image-3166\" alt=\"\" srcset=\"https:\/\/madrigal-energies.fr\/wp-content\/uploads\/2023\/10\/LEs-avantages-1920-x-400-px-2-1.png 1920w, https:\/\/madrigal-energies.fr\/wp-content\/uploads\/2023\/10\/LEs-avantages-1920-x-400-px-2-1-300x63.png 300w, https:\/\/madrigal-energies.fr\/wp-content\/uploads\/2023\/10\/LEs-avantages-1920-x-400-px-2-1-1024x213.png 1024w, https:\/\/madrigal-energies.fr\/wp-content\/uploads\/2023\/10\/LEs-avantages-1920-x-400-px-2-1-768x160.png 768w, https:\/\/madrigal-energies.fr\/wp-content\/uploads\/2023\/10\/LEs-avantages-1920-x-400-px-2-1-1536x320.png 1536w\" sizes=\"auto, (max-width: 1920px) 100vw, 1920px\" \/>\t\t\t\t\t\t\t\t\t\t\t\t\t\t\t<\/div>\n\t\t\t\t<\/div>\n\t\t\t\t<\/div>\n\t\t<div class=\"elementor-element elementor-element-ef100a0 e-flex e-con-boxed e-con e-parent\" data-id=\"ef100a0\" data-element_type=\"container\" data-settings=\"{&quot;background_background&quot;:&quot;classic&quot;,&quot;content_width&quot;:&quot;boxed&quot;}\" data-core-v316-plus=\"true\">\n\t\t\t\t\t<div class=\"e-con-inner\">\n\t\t\t\t<div class=\"elementor-element elementor-element-92e2d85 elementor-widget elementor-widget-spacer\" data-id=\"92e2d85\" data-element_type=\"widget\" data-widget_type=\"spacer.default\">\n\t\t\t\t<div class=\"elementor-widget-container\">\n\t\t\t<style>\/*! elementor - v3.16.0 - 20-09-2023 *\/\n.elementor-column .elementor-spacer-inner{height:var(--spacer-size)}.e-con{--container-widget-width:100%}.e-con-inner>.elementor-widget-spacer,.e-con>.elementor-widget-spacer{width:var(--container-widget-width,var(--spacer-size));--align-self:var(--container-widget-align-self,initial);--flex-shrink:0}.e-con-inner>.elementor-widget-spacer>.elementor-widget-container,.e-con>.elementor-widget-spacer>.elementor-widget-container{height:100%;width:100%}.e-con-inner>.elementor-widget-spacer>.elementor-widget-container>.elementor-spacer,.e-con>.elementor-widget-spacer>.elementor-widget-container>.elementor-spacer{height:100%}.e-con-inner>.elementor-widget-spacer>.elementor-widget-container>.elementor-spacer>.elementor-spacer-inner,.e-con>.elementor-widget-spacer>.elementor-widget-container>.elementor-spacer>.elementor-spacer-inner{height:var(--container-widget-height,var(--spacer-size))}.e-con-inner>.elementor-widget-spacer.elementor-widget-empty,.e-con>.elementor-widget-spacer.elementor-widget-empty{position:relative;min-height:22px;min-width:22px}.e-con-inner>.elementor-widget-spacer.elementor-widget-empty .elementor-widget-empty-icon,.e-con>.elementor-widget-spacer.elementor-widget-empty .elementor-widget-empty-icon{position:absolute;top:0;bottom:0;left:0;right:0;margin:auto;padding:0;width:22px;height:22px}<\/style>\t\t<div class=\"elementor-spacer\">\n\t\t\t<div class=\"elementor-spacer-inner\"><\/div>\n\t\t<\/div>\n\t\t\t\t<\/div>\n\t\t\t\t<\/div>\n\t\t\t\t\t<\/div>\n\t\t\t\t<\/div>\n\t\t<div class=\"elementor-element elementor-element-dd47f0e e-flex e-con-boxed e-con e-parent\" data-id=\"dd47f0e\" data-element_type=\"container\" data-settings=\"{&quot;background_background&quot;:&quot;classic&quot;,&quot;content_width&quot;:&quot;boxed&quot;}\" data-core-v316-plus=\"true\">\n\t\t\t\t\t<div class=\"e-con-inner\">\n\t\t\t\t<div class=\"elementor-element elementor-element-a0f0ba8 elementor-widget elementor-widget-heading\" data-id=\"a0f0ba8\" data-element_type=\"widget\" data-widget_type=\"heading.default\">\n\t\t\t\t<div class=\"elementor-widget-container\">\n\t\t\t<style>\/*! elementor - v3.16.0 - 20-09-2023 *\/\n.elementor-heading-title{padding:0;margin:0;line-height:1}.elementor-widget-heading .elementor-heading-title[class*=elementor-size-]>a{color:inherit;font-size:inherit;line-height:inherit}.elementor-widget-heading .elementor-heading-title.elementor-size-small{font-size:15px}.elementor-widget-heading .elementor-heading-title.elementor-size-medium{font-size:19px}.elementor-widget-heading .elementor-heading-title.elementor-size-large{font-size:29px}.elementor-widget-heading .elementor-heading-title.elementor-size-xl{font-size:39px}.elementor-widget-heading .elementor-heading-title.elementor-size-xxl{font-size:59px}<\/style><h2 class=\"elementor-heading-title elementor-size-default\">LE DISPOSITIF \u00ab\u00a0CEE\u00a0\u00bb CERTIFICATS D\u2019ECONOMIES D\u2019ENERGIES :\n\n  <\/h2>\t\t<\/div>\n\t\t\t\t<\/div>\n\t\t\t\t<div class=\"elementor-element elementor-element-60237e4 elementor-widget elementor-widget-spacer\" data-id=\"60237e4\" data-element_type=\"widget\" data-widget_type=\"spacer.default\">\n\t\t\t\t<div class=\"elementor-widget-container\">\n\t\t\t\t\t<div class=\"elementor-spacer\">\n\t\t\t<div class=\"elementor-spacer-inner\"><\/div>\n\t\t<\/div>\n\t\t\t\t<\/div>\n\t\t\t\t<\/div>\n\t\t\t\t\t<\/div>\n\t\t\t\t<\/div>\n\t\t<div class=\"elementor-element elementor-element-d4f0ac0 e-flex e-con-boxed e-con e-parent\" data-id=\"d4f0ac0\" data-element_type=\"container\" data-settings=\"{&quot;background_background&quot;:&quot;classic&quot;,&quot;content_width&quot;:&quot;boxed&quot;}\" data-core-v316-plus=\"true\">\n\t\t\t\t\t<div class=\"e-con-inner\">\n\t\t\t\t<div class=\"elementor-element elementor-element-b845405 elementor-widget elementor-widget-text-editor\" data-id=\"b845405\" data-element_type=\"widget\" data-widget_type=\"text-editor.default\">\n\t\t\t\t<div class=\"elementor-widget-container\">\n\t\t\t<style>\/*! elementor - v3.16.0 - 20-09-2023 *\/\n.elementor-widget-text-editor.elementor-drop-cap-view-stacked .elementor-drop-cap{background-color:#69727d;color:#fff}.elementor-widget-text-editor.elementor-drop-cap-view-framed .elementor-drop-cap{color:#69727d;border:3px solid;background-color:transparent}.elementor-widget-text-editor:not(.elementor-drop-cap-view-default) .elementor-drop-cap{margin-top:8px}.elementor-widget-text-editor:not(.elementor-drop-cap-view-default) .elementor-drop-cap-letter{width:1em;height:1em}.elementor-widget-text-editor .elementor-drop-cap{float:left;text-align:center;line-height:1;font-size:50px}.elementor-widget-text-editor .elementor-drop-cap-letter{display:inline-block}<\/style>\t\t\t\t<p style=\"text-align: center;\">Le dispositif des Certificats d&rsquo;\u00c9conomie d&rsquo;\u00c9nergie (CEE), \u00e9galement appel\u00e9 \u00ab\u00a0prime \u00e9nergie\u00a0\u00bb, est une initiative mise en place par l\u2019Etat\u00a0 depuis 2005 pour encourager les \u00e9conomies d&rsquo;\u00e9nergie et la r\u00e9duction des \u00e9missions de gaz \u00e0 effet de serre.<\/p><p style=\"text-align: center;\"><strong>\u00a0Voici quelques les \u00e9l\u00e9ments cl\u00e9s du dispositif CEE en France :<\/strong><\/p><p><b>Certificats :<\/b> Pour atteindre leurs objectifs d&rsquo;\u00e9conomies d&rsquo;\u00e9nergie, les fournisseurs doivent inciter leurs clients (particuliers, entreprises, collectivit\u00e9s, etc.) \u00e0 mettre en \u0153uvre des actions d&rsquo;\u00e9conomie d&rsquo;\u00e9nergie, telles que l&rsquo;isolation des b\u00e2timents, le remplacement d&rsquo;\u00e9quipements \u00e9nergivores, ou la promotion des \u00e9nergies renouvelables. Chaque action r\u00e9alis\u00e9e g\u00e9n\u00e8re des certificats d&rsquo;\u00e9conomie d&rsquo;\u00e9nergie (CEE).<\/p><p><b>Incitations financi\u00e8res<\/b> : Les actions d&rsquo;\u00e9conomie d&rsquo;\u00e9nergie men\u00e9es par les consommateurs sont souvent encourag\u00e9es par des primes ou des aides financi\u00e8res, notamment via les dispositifs des \u00ab\u00a0primes CEE\u00a0\u00bb qui offrent des incitations pour la r\u00e9alisation de travaux de r\u00e9novation \u00e9nerg\u00e9tique.<\/p><p><b>\u00c9ligibilit\u00e9 des actions<\/b> : Pour \u00eatre \u00e9ligibles, les actions doivent r\u00e9pondre \u00e0 des crit\u00e8res d\u00e9finis par le gouvernement, et elles doivent \u00eatre accompagn\u00e9es de mesures de suivi et de contr\u00f4le.<\/p><p>\u00a0Les Certificats d&rsquo;\u00c9conomie d&rsquo;\u00c9nergie sont un outil cl\u00e9 pour stimuler la transition \u00e9nerg\u00e9tique en France en encourageant les \u00e9conomies d&rsquo;\u00e9nergie. Les particuliers, les entreprises et d&rsquo;autres acteurs du secteur de l&rsquo;\u00e9nergie peuvent b\u00e9n\u00e9ficier de ces incitations pour mettre en \u0153uvre des mesures visant \u00e0 r\u00e9duire leur consommation d&rsquo;\u00e9nergie et \u00e0 am\u00e9liorer l&rsquo;efficacit\u00e9 \u00e9nerg\u00e9tique de leurs b\u00e2timents et \u00e9quipements.<\/p>\t\t\t\t\t\t<\/div>\n\t\t\t\t<\/div>\n\t\t\t\t\t<\/div>\n\t\t\t\t<\/div>\n\t\t<div class=\"elementor-element elementor-element-7e73feb e-con-full e-flex e-con e-parent\" data-id=\"7e73feb\" data-element_type=\"container\" data-settings=\"{&quot;content_width&quot;:&quot;full&quot;}\" data-core-v316-plus=\"true\">\n\t\t\t\t<div class=\"elementor-element elementor-element-3f73a07 elementor-widget elementor-widget-image\" data-id=\"3f73a07\" data-element_type=\"widget\" data-widget_type=\"image.default\">\n\t\t\t\t<div class=\"elementor-widget-container\">\n\t\t\t\t\t\t\t\t\t\t\t\t\t\t\t<img loading=\"lazy\" decoding=\"async\" width=\"1920\" height=\"400\" src=\"https:\/\/madrigal-energies.fr\/wp-content\/uploads\/2023\/10\/hjkl.png\" class=\"attachment-full size-full wp-image-3170\" alt=\"\" srcset=\"https:\/\/madrigal-energies.fr\/wp-content\/uploads\/2023\/10\/hjkl.png 1920w, https:\/\/madrigal-energies.fr\/wp-content\/uploads\/2023\/10\/hjkl-300x63.png 300w, https:\/\/madrigal-energies.fr\/wp-content\/uploads\/2023\/10\/hjkl-1024x213.png 1024w, https:\/\/madrigal-energies.fr\/wp-content\/uploads\/2023\/10\/hjkl-768x160.png 768w, https:\/\/madrigal-energies.fr\/wp-content\/uploads\/2023\/10\/hjkl-1536x320.png 1536w\" sizes=\"auto, (max-width: 1920px) 100vw, 1920px\" \/>\t\t\t\t\t\t\t\t\t\t\t\t\t\t\t<\/div>\n\t\t\t\t<\/div>\n\t\t\t\t<div class=\"elementor-element elementor-element-3a34693 elementor-widget elementor-widget-spacer\" data-id=\"3a34693\" data-element_type=\"widget\" data-widget_type=\"spacer.default\">\n\t\t\t\t<div class=\"elementor-widget-container\">\n\t\t\t\t\t<div class=\"elementor-spacer\">\n\t\t\t<div class=\"elementor-spacer-inner\"><\/div>\n\t\t<\/div>\n\t\t\t\t<\/div>\n\t\t\t\t<\/div>\n\t\t\t\t<\/div>\n\t\t<div class=\"elementor-element elementor-element-690ac24 e-flex e-con-boxed elementor-invisible e-con e-parent\" data-id=\"690ac24\" data-element_type=\"container\" data-settings=\"{&quot;animation&quot;:&quot;fadeInLeft&quot;,&quot;content_width&quot;:&quot;boxed&quot;}\" data-core-v316-plus=\"true\">\n\t\t\t\t\t<div class=\"e-con-inner\">\n\t\t\t\t<div class=\"elementor-element elementor-element-13623ed elementor-widget elementor-widget-heading\" data-id=\"13623ed\" data-element_type=\"widget\" data-widget_type=\"heading.default\">\n\t\t\t\t<div class=\"elementor-widget-container\">\n\t\t\t<h2 class=\"elementor-heading-title elementor-size-default\">LE DISPOSITIF \u00ab\u00a0MaPrimeR\u00e9noV\u00a0\u00bb:\n\n\n  <\/h2>\t\t<\/div>\n\t\t\t\t<\/div>\n\t\t\t\t<div class=\"elementor-element elementor-element-71207e1 elementor-widget elementor-widget-spacer\" data-id=\"71207e1\" data-element_type=\"widget\" data-widget_type=\"spacer.default\">\n\t\t\t\t<div class=\"elementor-widget-container\">\n\t\t\t\t\t<div class=\"elementor-spacer\">\n\t\t\t<div class=\"elementor-spacer-inner\"><\/div>\n\t\t<\/div>\n\t\t\t\t<\/div>\n\t\t\t\t<\/div>\n\t\t\t\t\t<\/div>\n\t\t\t\t<\/div>\n\t\t<div class=\"elementor-element elementor-element-bbdb15b e-flex e-con-boxed e-con e-parent\" data-id=\"bbdb15b\" data-element_type=\"container\" data-settings=\"{&quot;content_width&quot;:&quot;boxed&quot;}\" data-core-v316-plus=\"true\">\n\t\t\t\t\t<div class=\"e-con-inner\">\n\t\t\t\t<div class=\"elementor-element elementor-element-eeeb037 elementor-widget elementor-widget-text-editor\" data-id=\"eeeb037\" data-element_type=\"widget\" data-widget_type=\"text-editor.default\">\n\t\t\t\t<div class=\"elementor-widget-container\">\n\t\t\t\t\t\t\t<p style=\"text-align: center;\">Le dispositif \u00ab\u00a0MaPrimeR\u00e9nov\u00a0\u00bb est une aide financi\u00e8re mise en place en France pour encourager les propri\u00e9taires \u00e0 r\u00e9aliser des travaux de r\u00e9novation \u00e9nerg\u00e9tique dans leur logement. Il remplace plusieurs dispositifs pr\u00e9c\u00e9dents, notamment le Cr\u00e9dit d&rsquo;Imp\u00f4t pour la Transition \u00c9nerg\u00e9tique (CITE) et les aides de l&rsquo;Agence Nationale de l&rsquo;Habitat (ANAH), pour simplifier l&rsquo;acc\u00e8s aux aides et les rendre plus accessibles.<\/p><p style=\"text-align: center;\"><strong>Voici les points cl\u00e9s \u00e0 conna\u00eetre sur \u00ab\u00a0MaPrimeR\u00e9nov\u00a0\u00bb :<\/strong><\/p><p><b>B\u00e9n\u00e9ficiaires<\/b> : \u00ab\u00a0MaPrimeR\u00e9nov\u00a0\u00bb est accessible aux propri\u00e9taires occupants, aux bailleurs, aux copropri\u00e9t\u00e9s, aux syndicats de copropri\u00e9taires, ainsi qu&rsquo;aux propri\u00e9taires bailleurs de logements en location sociale.<\/p><p><b>Travaux \u00e9ligibles <\/b>: Les travaux \u00e9ligibles sont principalement ax\u00e9s sur l&rsquo;am\u00e9lioration de la performance \u00e9nerg\u00e9tique du logement. Cela peut inclure l&rsquo;isolation, le remplacement de syst\u00e8mes de chauffage, la ventilation, le changement de fen\u00eatres, etc.<\/p><p><b>Conditions de ressources <\/b>: Le montant de la prime d\u00e9pend des ressources du foyer, de la localisation du logement et de la nature des travaux. Les foyers aux revenus modestes b\u00e9n\u00e9ficient de montants plus \u00e9lev\u00e9s.<\/p><p><b>Modalit\u00e9s d&rsquo;attribution <\/b>: Pour obtenir \u00ab\u00a0MaPrimeR\u00e9nov\u00a0\u00bb, les propri\u00e9taires doivent faire une demande en ligne, en fournissant des informations sur le projet de r\u00e9novation et les caract\u00e9ristiques du logement. Une fois approuv\u00e9e, la prime est vers\u00e9e apr\u00e8s la r\u00e9alisation des travaux.<\/p><p><b>Compatibilit\u00e9 avec d&rsquo;autres aides <\/b>: \u00ab\u00a0MaPrimeR\u00e9nov\u00a0\u00bb est compatible avec d&rsquo;autres aides financi\u00e8res, comme les Certificats d&rsquo;\u00c9conomie d&rsquo;\u00c9nergie (CEE) ou les \u00e9co-pr\u00eats \u00e0 taux z\u00e9ro.<\/p><p><b>Objectifs<\/b> : Le principal objectif de \u00ab\u00a0MaPrimeR\u00e9nov\u00a0\u00bb est de contribuer \u00e0 la transition \u00e9nerg\u00e9tique en r\u00e9duisant la consommation d&rsquo;\u00e9nergie des logements, tout en am\u00e9liorant le confort des habitants.<\/p><p style=\"text-align: center;\">Le dispositif \u00ab\u00a0MaPrimeR\u00e9nov\u00a0\u00bb vise \u00e0 encourager les propri\u00e9taires \u00e0 entreprendre des r\u00e9novations \u00e9nerg\u00e9tiques, en r\u00e9duisant le co\u00fbt initial des travaux et en facilitant l&rsquo;acc\u00e8s aux incitations financi\u00e8res.<\/p>\t\t\t\t\t\t<\/div>\n\t\t\t\t<\/div>\n\t\t\t\t\t<\/div>\n\t\t\t\t<\/div>\n\t\t<div class=\"elementor-element elementor-element-f8ce15c e-flex e-con-boxed e-con e-parent\" data-id=\"f8ce15c\" data-element_type=\"container\" data-settings=\"{&quot;content_width&quot;:&quot;boxed&quot;}\" data-core-v316-plus=\"true\">\n\t\t\t\t\t<div class=\"e-con-inner\">\n\t\t\t\t<div class=\"elementor-element elementor-element-a601086 elementor-widget elementor-widget-spacer\" data-id=\"a601086\" data-element_type=\"widget\" data-widget_type=\"spacer.default\">\n\t\t\t\t<div class=\"elementor-widget-container\">\n\t\t\t\t\t<div class=\"elementor-spacer\">\n\t\t\t<div class=\"elementor-spacer-inner\"><\/div>\n\t\t<\/div>\n\t\t\t\t<\/div>\n\t\t\t\t<\/div>\n\t\t\t\t\t<\/div>\n\t\t\t\t<\/div>\n\t\t<div class=\"elementor-element elementor-element-c844a6f e-con-full e-flex elementor-invisible e-con e-parent\" data-id=\"c844a6f\" data-element_type=\"container\" data-settings=\"{&quot;background_background&quot;:&quot;classic&quot;,&quot;animation&quot;:&quot;fadeInUp&quot;,&quot;content_width&quot;:&quot;full&quot;}\" data-core-v316-plus=\"true\">\n\t\t<div class=\"elementor-element elementor-element-6d54316 e-con-full e-flex e-con e-child\" data-id=\"6d54316\" data-element_type=\"container\" data-settings=\"{&quot;content_width&quot;:&quot;full&quot;}\">\n\t\t\t\t<div class=\"elementor-element elementor-element-8ec38c5 elementor-widget elementor-widget-image\" data-id=\"8ec38c5\" data-element_type=\"widget\" data-widget_type=\"image.default\">\n\t\t\t\t<div class=\"elementor-widget-container\">\n\t\t\t\t\t\t\t\t\t\t\t\t\t\t\t<img loading=\"lazy\" decoding=\"async\" width=\"300\" height=\"300\" src=\"https:\/\/madrigal-energies.fr\/wp-content\/uploads\/2023\/10\/Yellow_and_white_minimalist_Linkedin_Profile_Picture-removebg-preview-300x300.png\" class=\"attachment-medium size-medium wp-image-1196\" alt=\"\" srcset=\"https:\/\/madrigal-energies.fr\/wp-content\/uploads\/2023\/10\/Yellow_and_white_minimalist_Linkedin_Profile_Picture-removebg-preview-300x300.png 300w, https:\/\/madrigal-energies.fr\/wp-content\/uploads\/2023\/10\/Yellow_and_white_minimalist_Linkedin_Profile_Picture-removebg-preview-150x150.png 150w, https:\/\/madrigal-energies.fr\/wp-content\/uploads\/2023\/10\/Yellow_and_white_minimalist_Linkedin_Profile_Picture-removebg-preview.png 500w\" sizes=\"auto, (max-width: 300px) 100vw, 300px\" \/>\t\t\t\t\t\t\t\t\t\t\t\t\t\t\t<\/div>\n\t\t\t\t<\/div>\n\t\t\t\t<\/div>\n\t\t<div class=\"elementor-element elementor-element-47a8374 e-con-full e-flex e-con e-child\" data-id=\"47a8374\" data-element_type=\"container\" data-settings=\"{&quot;content_width&quot;:&quot;full&quot;}\">\n\t\t\t\t<div class=\"elementor-element elementor-element-7c01c56 elementor-widget elementor-widget-spacer\" data-id=\"7c01c56\" data-element_type=\"widget\" data-widget_type=\"spacer.default\">\n\t\t\t\t<div class=\"elementor-widget-container\">\n\t\t\t\t\t<div class=\"elementor-spacer\">\n\t\t\t<div class=\"elementor-spacer-inner\"><\/div>\n\t\t<\/div>\n\t\t\t\t<\/div>\n\t\t\t\t<\/div>\n\t\t\t\t<div class=\"elementor-element elementor-element-142e8c5 elementor-widget elementor-widget-heading\" data-id=\"142e8c5\" data-element_type=\"widget\" data-widget_type=\"heading.default\">\n\t\t\t\t<div class=\"elementor-widget-container\">\n\t\t\t<h2 class=\"elementor-heading-title elementor-size-default\">Vos travaux de r\u00e9novation \u00e9nerg\u00e9tique en toute s\u00e9r\u00e9nit\u00e9<\/h2>\t\t<\/div>\n\t\t\t\t<\/div>\n\t\t\t\t<div class=\"elementor-element elementor-element-603d1c1 elementor-widget elementor-widget-heading\" data-id=\"603d1c1\" data-element_type=\"widget\" data-widget_type=\"heading.default\">\n\t\t\t\t<div class=\"elementor-widget-container\">\n\t\t\t<h2 class=\"elementor-heading-title elementor-size-medium\"><a href=\"\">MADRIGAL ENERGIES est mandataire mixte MaPrimeR\u00e9nov'\n<\/a><\/h2>\t\t<\/div>\n\t\t\t\t<\/div>\n\t\t\t\t<div class=\"elementor-element elementor-element-c2e420a elementor-widget elementor-widget-heading\" data-id=\"c2e420a\" data-element_type=\"widget\" data-widget_type=\"heading.default\">\n\t\t\t\t<div class=\"elementor-widget-container\">\n\t\t\t<h2 class=\"elementor-heading-title elementor-size-medium\">B\u00e9n\u00e9ficiez d'un\u00a0accompagnement personnalis\u00e9\u00a0pour r\u00e9aliser votre projet\n<\/h2>\t\t<\/div>\n\t\t\t\t<\/div>\n\t\t\t\t<div class=\"elementor-element elementor-element-04e89ce elementor-widget elementor-widget-text-editor\" data-id=\"04e89ce\" data-element_type=\"widget\" data-widget_type=\"text-editor.default\">\n\t\t\t\t<div class=\"elementor-widget-container\">\n\t\t\t\t\t\t\t<p>Auditeur \u00e9nerg\u00e9tique d\u00e9di\u00e9<\/p><p>Gestion des d\u00e9marches administratives<\/p><p>Montage du dossier de prime CEE<\/p><p>R\u00e9alisation des travaux<\/p><p>Inspection Cofrac des travaux<\/p>\t\t\t\t\t\t<\/div>\n\t\t\t\t<\/div>\n\t\t\t\t<div class=\"elementor-element elementor-element-65cc100 elementor-align-center elementor-widget elementor-widget-button\" data-id=\"65cc100\" data-element_type=\"widget\" data-widget_type=\"button.default\">\n\t\t\t\t<div class=\"elementor-widget-container\">\n\t\t\t\t\t<div class=\"elementor-button-wrapper\">\n\t\t\t<a class=\"elementor-button elementor-button-link elementor-size-sm\" href=\"https:\/\/madrigal-energies.fr\/index.php\/contact\/\">\n\t\t\t\t\t\t<span class=\"elementor-button-content-wrapper\">\n\t\t\t\t\t\t<span class=\"elementor-button-text\">OBTENIR UN DEVIS<\/span>\n\t\t<\/span>\n\t\t\t\t\t<\/a>\n\t\t<\/div>\n\t\t\t\t<\/div>\n\t\t\t\t<\/div>\n\t\t\t\t<\/div>\n\t\t\t\t<\/div>\n\t\t\t\t\t\t\t<\/div>\n\t\t","protected":false},"excerpt":{"rendered":"<p>LE DISPOSITIF \u00ab\u00a0CEE\u00a0\u00bb CERTIFICATS D\u2019ECONOMIES D\u2019ENERGIES : Le dispositif des Certificats d&rsquo;\u00c9conomie d&rsquo;\u00c9nergie (CEE), \u00e9galement appel\u00e9 \u00ab\u00a0prime \u00e9nergie\u00a0\u00bb, est une initiative mise en place par l\u2019Etat\u00a0 depuis 2005 pour encourager les \u00e9conomies d&rsquo;\u00e9nergie et la r\u00e9duction des \u00e9missions de gaz \u00e0 effet de serre. \u00a0Voici quelques les \u00e9l\u00e9ments cl\u00e9s du dispositif CEE en France : [&hellip;]<\/p>\n","protected":false},"author":1,"featured_media":0,"parent":0,"menu_order":0,"comment_status":"closed","ping_status":"closed","template":"","meta":{"footnotes":""},"class_list":["post-492","page","type-page","status-publish","hentry"],"_links":{"self":[{"href":"https:\/\/madrigal-energies.fr\/index.php\/wp-json\/wp\/v2\/pages\/492","targetHints":{"allow":["GET"]}}],"collection":[{"href":"https:\/\/madrigal-energies.fr\/index.php\/wp-json\/wp\/v2\/pages"}],"about":[{"href":"https:\/\/madrigal-energies.fr\/index.php\/wp-json\/wp\/v2\/types\/page"}],"author":[{"embeddable":true,"href":"https:\/\/madrigal-energies.fr\/index.php\/wp-json\/wp\/v2\/users\/1"}],"replies":[{"embeddable":true,"href":"https:\/\/madrigal-energies.fr\/index.php\/wp-json\/wp\/v2\/comments?post=492"}],"version-history":[{"count":84,"href":"https:\/\/madrigal-energies.fr\/index.php\/wp-json\/wp\/v2\/pages\/492\/revisions"}],"predecessor-version":[{"id":6216,"href":"https:\/\/madrigal-energies.fr\/index.php\/wp-json\/wp\/v2\/pages\/492\/revisions\/6216"}],"wp:attachment":[{"href":"https:\/\/madrigal-energies.fr\/index.php\/wp-json\/wp\/v2\/media?parent=492"}],"curies":[{"name":"wp","href":"https:\/\/api.w.org\/{rel}","templated":true}]}}