{"id":512,"date":"2023-10-01T16:25:45","date_gmt":"2023-10-01T14:25:45","guid":{"rendered":"https:\/\/madrigal-energies.fr\/?page_id=512"},"modified":"2024-09-05T14:34:34","modified_gmt":"2024-09-05T12:34:34","slug":"residentiel","status":"publish","type":"page","link":"https:\/\/madrigal-energies.fr\/index.php\/residentiel\/","title":{"rendered":"R\u00e9sidentiel"},"content":{"rendered":"\t\t<div data-elementor-type=\"wp-page\" data-elementor-id=\"512\" class=\"elementor elementor-512\" data-elementor-post-type=\"page\">\n\t\t\t\t\t\t\t<div class=\"elementor-element elementor-element-17475ef e-con-full e-flex e-con e-parent\" data-id=\"17475ef\" data-element_type=\"container\" data-settings=\"{&quot;content_width&quot;:&quot;full&quot;}\" data-core-v316-plus=\"true\">\n\t\t\t\t<div class=\"elementor-element elementor-element-87bcf1f elementor-widget elementor-widget-image\" data-id=\"87bcf1f\" data-element_type=\"widget\" data-widget_type=\"image.default\">\n\t\t\t\t<div class=\"elementor-widget-container\">\n\t\t\t<style>\/*! elementor - v3.16.0 - 20-09-2023 *\/\n.elementor-widget-image{text-align:center}.elementor-widget-image a{display:inline-block}.elementor-widget-image a img[src$=\".svg\"]{width:48px}.elementor-widget-image img{vertical-align:middle;display:inline-block}<\/style>\t\t\t\t\t\t\t\t\t\t\t\t<img loading=\"lazy\" decoding=\"async\" width=\"1920\" height=\"400\" src=\"https:\/\/madrigal-energies.fr\/wp-content\/uploads\/2023\/11\/djdj-1.png\" class=\"attachment-full size-full wp-image-3655\" alt=\"\" srcset=\"https:\/\/madrigal-energies.fr\/wp-content\/uploads\/2023\/11\/djdj-1.png 1920w, https:\/\/madrigal-energies.fr\/wp-content\/uploads\/2023\/11\/djdj-1-300x63.png 300w, https:\/\/madrigal-energies.fr\/wp-content\/uploads\/2023\/11\/djdj-1-1024x213.png 1024w, https:\/\/madrigal-energies.fr\/wp-content\/uploads\/2023\/11\/djdj-1-768x160.png 768w, https:\/\/madrigal-energies.fr\/wp-content\/uploads\/2023\/11\/djdj-1-1536x320.png 1536w\" sizes=\"auto, (max-width: 1920px) 100vw, 1920px\" \/>\t\t\t\t\t\t\t\t\t\t\t\t\t\t\t<\/div>\n\t\t\t\t<\/div>\n\t\t\t\t<\/div>\n\t\t<div class=\"elementor-element elementor-element-6095025 e-flex e-con-boxed e-con e-parent\" data-id=\"6095025\" data-element_type=\"container\" data-settings=\"{&quot;content_width&quot;:&quot;boxed&quot;}\" data-core-v316-plus=\"true\">\n\t\t\t\t\t<div class=\"e-con-inner\">\n\t\t\t\t<div class=\"elementor-element elementor-element-02da0cc elementor-widget elementor-widget-spacer\" data-id=\"02da0cc\" data-element_type=\"widget\" data-widget_type=\"spacer.default\">\n\t\t\t\t<div class=\"elementor-widget-container\">\n\t\t\t<style>\/*! elementor - v3.16.0 - 20-09-2023 *\/\n.elementor-column .elementor-spacer-inner{height:var(--spacer-size)}.e-con{--container-widget-width:100%}.e-con-inner>.elementor-widget-spacer,.e-con>.elementor-widget-spacer{width:var(--container-widget-width,var(--spacer-size));--align-self:var(--container-widget-align-self,initial);--flex-shrink:0}.e-con-inner>.elementor-widget-spacer>.elementor-widget-container,.e-con>.elementor-widget-spacer>.elementor-widget-container{height:100%;width:100%}.e-con-inner>.elementor-widget-spacer>.elementor-widget-container>.elementor-spacer,.e-con>.elementor-widget-spacer>.elementor-widget-container>.elementor-spacer{height:100%}.e-con-inner>.elementor-widget-spacer>.elementor-widget-container>.elementor-spacer>.elementor-spacer-inner,.e-con>.elementor-widget-spacer>.elementor-widget-container>.elementor-spacer>.elementor-spacer-inner{height:var(--container-widget-height,var(--spacer-size))}.e-con-inner>.elementor-widget-spacer.elementor-widget-empty,.e-con>.elementor-widget-spacer.elementor-widget-empty{position:relative;min-height:22px;min-width:22px}.e-con-inner>.elementor-widget-spacer.elementor-widget-empty .elementor-widget-empty-icon,.e-con>.elementor-widget-spacer.elementor-widget-empty .elementor-widget-empty-icon{position:absolute;top:0;bottom:0;left:0;right:0;margin:auto;padding:0;width:22px;height:22px}<\/style>\t\t<div class=\"elementor-spacer\">\n\t\t\t<div class=\"elementor-spacer-inner\"><\/div>\n\t\t<\/div>\n\t\t\t\t<\/div>\n\t\t\t\t<\/div>\n\t\t\t\t\t<\/div>\n\t\t\t\t<\/div>\n\t\t<div class=\"elementor-element elementor-element-795d070 e-flex e-con-boxed elementor-invisible e-con e-parent\" data-id=\"795d070\" data-element_type=\"container\" data-settings=\"{&quot;animation&quot;:&quot;fadeInLeft&quot;,&quot;content_width&quot;:&quot;boxed&quot;}\" data-core-v316-plus=\"true\">\n\t\t\t\t\t<div class=\"e-con-inner\">\n\t\t\t\t<div class=\"elementor-element elementor-element-4f718f5 elementor-widget elementor-widget-heading\" data-id=\"4f718f5\" data-element_type=\"widget\" data-widget_type=\"heading.default\">\n\t\t\t\t<div class=\"elementor-widget-container\">\n\t\t\t<style>\/*! elementor - v3.16.0 - 20-09-2023 *\/\n.elementor-heading-title{padding:0;margin:0;line-height:1}.elementor-widget-heading .elementor-heading-title[class*=elementor-size-]>a{color:inherit;font-size:inherit;line-height:inherit}.elementor-widget-heading .elementor-heading-title.elementor-size-small{font-size:15px}.elementor-widget-heading .elementor-heading-title.elementor-size-medium{font-size:19px}.elementor-widget-heading .elementor-heading-title.elementor-size-large{font-size:29px}.elementor-widget-heading .elementor-heading-title.elementor-size-xl{font-size:39px}.elementor-widget-heading .elementor-heading-title.elementor-size-xxl{font-size:59px}<\/style><h2 class=\"elementor-heading-title elementor-size-default\">TRAVAUX DU SECTEUR R\u00c9SIDENTIEL\n<\/h2>\t\t<\/div>\n\t\t\t\t<\/div>\n\t\t\t\t\t<\/div>\n\t\t\t\t<\/div>\n\t\t<div class=\"elementor-element elementor-element-0d4fe7e e-flex e-con-boxed elementor-invisible e-con e-parent\" data-id=\"0d4fe7e\" data-element_type=\"container\" data-settings=\"{&quot;animation&quot;:&quot;fadeInUp&quot;,&quot;content_width&quot;:&quot;boxed&quot;}\" data-core-v316-plus=\"true\">\n\t\t\t\t\t<div class=\"e-con-inner\">\n\t\t\t\t<div class=\"elementor-element elementor-element-871b36c elementor-widget elementor-widget-text-editor\" data-id=\"871b36c\" data-element_type=\"widget\" data-widget_type=\"text-editor.default\">\n\t\t\t\t<div class=\"elementor-widget-container\">\n\t\t\t<style>\/*! elementor - v3.16.0 - 20-09-2023 *\/\n.elementor-widget-text-editor.elementor-drop-cap-view-stacked .elementor-drop-cap{background-color:#69727d;color:#fff}.elementor-widget-text-editor.elementor-drop-cap-view-framed .elementor-drop-cap{color:#69727d;border:3px solid;background-color:transparent}.elementor-widget-text-editor:not(.elementor-drop-cap-view-default) .elementor-drop-cap{margin-top:8px}.elementor-widget-text-editor:not(.elementor-drop-cap-view-default) .elementor-drop-cap-letter{width:1em;height:1em}.elementor-widget-text-editor .elementor-drop-cap{float:left;text-align:center;line-height:1;font-size:50px}.elementor-widget-text-editor .elementor-drop-cap-letter{display:inline-block}<\/style>\t\t\t\t<p style=\"text-align: left;\">Les travaux d&rsquo;\u00e9conomies d&rsquo;\u00e9nergie en secteur r\u00e9sidentiel regroupent un ensemble de mesures prises par le gouvernement pour r\u00e9duire la consommation d&rsquo;\u00e9nergie dans les habitations. Ils visent \u00e0 rendre les maisons plus efficaces du point de vue \u00e9nerg\u00e9tique, \u00e0 am\u00e9liorer le confort des occupants et \u00e0 r\u00e9duire les co\u00fbts \u00e9nerg\u00e9tiques. Ces travaux comprennent :<\/p><p><b>Isolation<\/b> : L&rsquo;ajout ou l&rsquo;am\u00e9lioration de l&rsquo;isolation thermique des murs, des planchers, des toits, des fen\u00eatres et des portes pour r\u00e9duire les pertes de chaleur en hiver et les gains de chaleur en \u00e9t\u00e9.<\/p><p><b>Syst\u00e8mes de chauffage et de climatisati<\/b><b>on<\/b> : Le remplacement ou la mise \u00e0 niveau des syst\u00e8mes de chauffage, de ventilation et de climatisation pour des mod\u00e8les plus \u00e9conomes en \u00e9nergie et plus efficaces.<\/p><p><b>\u00c9clairage<\/b> : Le remplacement des ampoules inefficaces par des ampoules \u00e0 LED ou d&rsquo;autres options d&rsquo;\u00e9clairage plus \u00e9co\u00e9nerg\u00e9tiques.<\/p><p><b>\u00c9tanch\u00e9it\u00e9 \u00e0 l&rsquo;air <\/b>: L&rsquo;am\u00e9lioration de l&rsquo;\u00e9tanch\u00e9it\u00e9 \u00e0 l&rsquo;air de la maison pour r\u00e9duire les infiltrations d&rsquo;air ind\u00e9sirables, ce qui contribue \u00e0 maintenir une temp\u00e9rature confortable et \u00e0 r\u00e9duire la charge de chauffage et de climatisation.<\/p><p><b>\u00c9nergie renouvelable <\/b>: L&rsquo;installation de panneaux solaires, de syst\u00e8mes de chauffe-eau solaires ou d&rsquo;autres sources d&rsquo;\u00e9nergie renouvelable pour g\u00e9n\u00e9rer de l&rsquo;\u00e9lectricit\u00e9 ou de la chaleur propre.<\/p><p><b>R\u00e9gulation intelligente <\/b>: L&rsquo;ajout de thermostats intelligents et de syst\u00e8mes de gestion de l&rsquo;\u00e9nergie pour optimiser la consommation \u00e9nerg\u00e9tique en fonction des besoins.<\/p>\t\t\t\t\t\t<\/div>\n\t\t\t\t<\/div>\n\t\t\t\t<div class=\"elementor-element elementor-element-4830935 elementor-widget elementor-widget-text-editor\" data-id=\"4830935\" data-element_type=\"widget\" data-widget_type=\"text-editor.default\">\n\t\t\t\t<div class=\"elementor-widget-container\">\n\t\t\t\t\t\t\t<p>Ces travaux visent \u00e0 r\u00e9duire la facture \u00e9nerg\u00e9tique des m\u00e9nages, \u00e0 am\u00e9liorer le confort thermique des r\u00e9sidents et \u00e0 contribuer \u00e0 la r\u00e9duction des \u00e9missions de gaz \u00e0 effet de serre, ce qui est essentiel pour lutter contre le changement climatique. Des incitations financi\u00e8res et des programmes d&rsquo;incitation gouvernementaux peuvent \u00e9galement encourager les propri\u00e9taires \u00e0 entreprendre ces am\u00e9liorations \u00e9co\u00e9nerg\u00e9tiques.<\/p>\t\t\t\t\t\t<\/div>\n\t\t\t\t<\/div>\n\t\t\t\t\t<\/div>\n\t\t\t\t<\/div>\n\t\t<div class=\"elementor-element elementor-element-4d88d7b elementor-hidden-tablet elementor-hidden-mobile e-flex e-con-boxed e-con e-parent\" data-id=\"4d88d7b\" data-element_type=\"container\" data-settings=\"{&quot;content_width&quot;:&quot;boxed&quot;}\" data-core-v316-plus=\"true\">\n\t\t\t\t\t<div class=\"e-con-inner\">\n\t\t<div class=\"elementor-element elementor-element-d539db7 e-con-full e-flex e-con e-child\" data-id=\"d539db7\" data-element_type=\"container\" data-settings=\"{&quot;content_width&quot;:&quot;full&quot;}\">\n\t\t\t\t<div class=\"elementor-element elementor-element-ef0ca41 elementor-invisible elementor-widget elementor-widget-image\" data-id=\"ef0ca41\" data-element_type=\"widget\" data-settings=\"{&quot;_animation&quot;:&quot;fadeInLeft&quot;}\" data-widget_type=\"image.default\">\n\t\t\t\t<div class=\"elementor-widget-container\">\n\t\t\t\t\t\t\t\t\t\t\t\t\t\t\t<img loading=\"lazy\" decoding=\"async\" width=\"800\" height=\"800\" src=\"https:\/\/madrigal-energies.fr\/wp-content\/uploads\/2023\/10\/4-3.png\" class=\"attachment-full size-full wp-image-3264\" alt=\"\" srcset=\"https:\/\/madrigal-energies.fr\/wp-content\/uploads\/2023\/10\/4-3.png 800w, https:\/\/madrigal-energies.fr\/wp-content\/uploads\/2023\/10\/4-3-300x300.png 300w, https:\/\/madrigal-energies.fr\/wp-content\/uploads\/2023\/10\/4-3-150x150.png 150w, https:\/\/madrigal-energies.fr\/wp-content\/uploads\/2023\/10\/4-3-768x768.png 768w\" sizes=\"auto, (max-width: 800px) 100vw, 800px\" \/>\t\t\t\t\t\t\t\t\t\t\t\t\t\t\t<\/div>\n\t\t\t\t<\/div>\n\t\t\t\t<\/div>\n\t\t<div class=\"elementor-element elementor-element-679fcff e-con-full e-flex elementor-invisible e-con e-child\" data-id=\"679fcff\" data-element_type=\"container\" data-settings=\"{&quot;content_width&quot;:&quot;full&quot;,&quot;animation&quot;:&quot;fadeInRight&quot;}\">\n\t\t\t\t<div class=\"elementor-element elementor-element-8d07cda elementor-widget elementor-widget-image\" data-id=\"8d07cda\" data-element_type=\"widget\" data-widget_type=\"image.default\">\n\t\t\t\t<div class=\"elementor-widget-container\">\n\t\t\t\t\t\t\t\t\t\t\t\t\t\t\t<img loading=\"lazy\" decoding=\"async\" width=\"800\" height=\"800\" src=\"https:\/\/madrigal-energies.fr\/wp-content\/uploads\/2023\/10\/3-1.png\" class=\"attachment-full size-full wp-image-3265\" alt=\"\" srcset=\"https:\/\/madrigal-energies.fr\/wp-content\/uploads\/2023\/10\/3-1.png 800w, https:\/\/madrigal-energies.fr\/wp-content\/uploads\/2023\/10\/3-1-300x300.png 300w, https:\/\/madrigal-energies.fr\/wp-content\/uploads\/2023\/10\/3-1-150x150.png 150w, https:\/\/madrigal-energies.fr\/wp-content\/uploads\/2023\/10\/3-1-768x768.png 768w\" sizes=\"auto, (max-width: 800px) 100vw, 800px\" \/>\t\t\t\t\t\t\t\t\t\t\t\t\t\t\t<\/div>\n\t\t\t\t<\/div>\n\t\t\t\t<\/div>\n\t\t\t\t\t<\/div>\n\t\t\t\t<\/div>\n\t\t<div class=\"elementor-element elementor-element-c127ef5 e-flex e-con-boxed elementor-invisible e-con e-parent\" data-id=\"c127ef5\" data-element_type=\"container\" data-settings=\"{&quot;animation&quot;:&quot;fadeInLeft&quot;,&quot;content_width&quot;:&quot;boxed&quot;}\" data-core-v316-plus=\"true\">\n\t\t\t\t\t<div class=\"e-con-inner\">\n\t\t\t\t<div class=\"elementor-element elementor-element-326dd6c elementor-widget elementor-widget-heading\" data-id=\"326dd6c\" data-element_type=\"widget\" data-widget_type=\"heading.default\">\n\t\t\t\t<div class=\"elementor-widget-container\">\n\t\t\t<h2 class=\"elementor-heading-title elementor-size-default\">Dans les SECTEUR R\u00c9SIDENTIEL nous intervenons dans :\n\n<\/h2>\t\t<\/div>\n\t\t\t\t<\/div>\n\t\t\t\t<div class=\"elementor-element elementor-element-ccaab93 elementor-widget elementor-widget-spacer\" data-id=\"ccaab93\" data-element_type=\"widget\" data-widget_type=\"spacer.default\">\n\t\t\t\t<div class=\"elementor-widget-container\">\n\t\t\t\t\t<div class=\"elementor-spacer\">\n\t\t\t<div class=\"elementor-spacer-inner\"><\/div>\n\t\t<\/div>\n\t\t\t\t<\/div>\n\t\t\t\t<\/div>\n\t\t\t\t\t<\/div>\n\t\t\t\t<\/div>\n\t\t<div class=\"elementor-element elementor-element-51b8f4f e-con-full e-flex e-con e-parent\" data-id=\"51b8f4f\" data-element_type=\"container\" data-settings=\"{&quot;content_width&quot;:&quot;full&quot;}\" data-core-v316-plus=\"true\">\n\t\t<div class=\"elementor-element elementor-element-fd57a59 e-con-full e-flex e-con e-child\" data-id=\"fd57a59\" data-element_type=\"container\" data-settings=\"{&quot;content_width&quot;:&quot;full&quot;,&quot;background_background&quot;:&quot;classic&quot;}\">\n\t\t\t\t<div class=\"elementor-element elementor-element-bfe6417 elementor-cta--valign-top elementor-cta--skin-classic elementor-animated-content elementor-bg-transform elementor-bg-transform-zoom-in elementor-widget elementor-widget-call-to-action\" data-id=\"bfe6417\" data-element_type=\"widget\" data-widget_type=\"call-to-action.default\">\n\t\t\t\t<div class=\"elementor-widget-container\">\n\t\t\t<link rel=\"stylesheet\" href=\"https:\/\/madrigal-energies.fr\/wp-content\/plugins\/elementor-pro\/assets\/css\/widget-call-to-action.min.css\">\t\t<div class=\"elementor-cta\">\n\t\t\t\t\t<div class=\"elementor-cta__bg-wrapper\">\n\t\t\t\t<div class=\"elementor-cta__bg elementor-bg\" style=\"background-image: url(https:\/\/madrigal-energies.fr\/wp-content\/uploads\/2023\/11\/dfds.png);\" role=\"img\" aria-label=\"dfds\"><\/div>\n\t\t\t\t<div class=\"elementor-cta__bg-overlay\"><\/div>\n\t\t\t<\/div>\n\t\t\t\t\t\t\t<div class=\"elementor-cta__content\">\n\t\t\t\t\n\t\t\t\t\t\t\t\t\t<h2 class=\"elementor-cta__title elementor-cta__content-item elementor-content-item\">\n\t\t\t\t\t\tChauffage\t\t\t\t\t<\/h2>\n\t\t\t\t\n\t\t\t\t\t\t\t\t\t<div class=\"elementor-cta__description elementor-cta__content-item elementor-content-item\">\n\t\t\t\t\t\tChaudi\u00e8re biomasse\n\nChaudi\u00e8re gaz\n\nPo\u00eale \u00e0 bois\n\nBallon thermodynamique\n\nPlancher chauffant hydraulique\n\nRadiateur basse temp\u00e9rature pour un chauffage central\t\t\t\t\t<\/div>\n\t\t\t\t\n\t\t\t\t\t\t\t<\/div>\n\t\t\t\t\t\t<\/div>\n\t\t\t\t<\/div>\n\t\t\t\t<\/div>\n\t\t\t\t<\/div>\n\t\t<div class=\"elementor-element elementor-element-9cdd34a e-con-full e-flex e-con e-child\" data-id=\"9cdd34a\" data-element_type=\"container\" data-settings=\"{&quot;content_width&quot;:&quot;full&quot;,&quot;background_background&quot;:&quot;classic&quot;}\">\n\t\t\t\t<div class=\"elementor-element elementor-element-610a68f elementor-cta--valign-top elementor-cta--skin-classic elementor-animated-content elementor-bg-transform elementor-bg-transform-zoom-in elementor-widget elementor-widget-call-to-action\" data-id=\"610a68f\" data-element_type=\"widget\" data-widget_type=\"call-to-action.default\">\n\t\t\t\t<div class=\"elementor-widget-container\">\n\t\t\t\t\t<div class=\"elementor-cta\">\n\t\t\t\t\t<div class=\"elementor-cta__bg-wrapper\">\n\t\t\t\t<div class=\"elementor-cta__bg elementor-bg\" style=\"background-image: url(https:\/\/madrigal-energies.fr\/wp-content\/uploads\/2023\/11\/addd.png);\" role=\"img\" aria-label=\"addd\"><\/div>\n\t\t\t\t<div class=\"elementor-cta__bg-overlay\"><\/div>\n\t\t\t<\/div>\n\t\t\t\t\t\t\t<div class=\"elementor-cta__content\">\n\t\t\t\t\n\t\t\t\t\t\t\t\t\t<h2 class=\"elementor-cta__title elementor-cta__content-item elementor-content-item\">\n\t\t\t\t\t\tIsolation\t\t\t\t\t<\/h2>\n\t\t\t\t\n\t\t\t\t\t\t\t\t\t<div class=\"elementor-cta__description elementor-cta__content-item elementor-content-item\">\n\t\t\t\t\t\tIsolation de toiture \/ combles\n\nIsolation toiture terrasse\n\nIsolation des murs\n\nIsolation du plancher Bas\n\nIsolation conduit et tuyauterie\n\nFen\u00eatres ou porte-fen\u00eatre isolantes\t\t\t\t\t<\/div>\n\t\t\t\t\n\t\t\t\t\t\t\t<\/div>\n\t\t\t\t\t\t<\/div>\n\t\t\t\t<\/div>\n\t\t\t\t<\/div>\n\t\t\t\t<\/div>\n\t\t<div class=\"elementor-element elementor-element-4f4f32d e-con-full e-flex e-con e-child\" data-id=\"4f4f32d\" data-element_type=\"container\" data-settings=\"{&quot;content_width&quot;:&quot;full&quot;,&quot;background_background&quot;:&quot;classic&quot;}\">\n\t\t\t\t<div class=\"elementor-element elementor-element-d379e52 elementor-cta--valign-top elementor-cta--skin-classic elementor-animated-content elementor-bg-transform elementor-bg-transform-zoom-in elementor-widget elementor-widget-call-to-action\" data-id=\"d379e52\" data-element_type=\"widget\" data-widget_type=\"call-to-action.default\">\n\t\t\t\t<div class=\"elementor-widget-container\">\n\t\t\t\t\t<div class=\"elementor-cta\">\n\t\t\t\t\t<div class=\"elementor-cta__bg-wrapper\">\n\t\t\t\t<div class=\"elementor-cta__bg elementor-bg\" style=\"background-image: url(https:\/\/madrigal-energies.fr\/wp-content\/uploads\/2023\/11\/dsd.png);\" role=\"img\" aria-label=\"dsd\"><\/div>\n\t\t\t\t<div class=\"elementor-cta__bg-overlay\"><\/div>\n\t\t\t<\/div>\n\t\t\t\t\t\t\t<div class=\"elementor-cta__content\">\n\t\t\t\t\n\t\t\t\t\t\t\t\t\t<h2 class=\"elementor-cta__title elementor-cta__content-item elementor-content-item\">\n\t\t\t\t\t\t\u00c9nergie renouvelable\t\t\t\t\t<\/h2>\n\t\t\t\t\n\t\t\t\t\t\t\t\t\t<div class=\"elementor-cta__description elementor-cta__content-item elementor-content-item\">\n\t\t\t\t\t\tPompe \u00e0 chaleur air-eau\n\nPompe \u00e0 chaleur air-air\n\nPompe \u00e0 chaleur eau-eau\n\nClimatisation \/ Pompe \u00e0 chaleur r\u00e9versible\n\nChauffe-eau solaire individuel\n\nSyst\u00e8me Solaire Combin\u00e9\n\nPompe \u00e0 chaleur hybride individuelle\n\nRaccordement d'un b\u00e2timent r\u00e9sidentiel \u00e0 un r\u00e9seau de chaleur\t\t\t\t\t<\/div>\n\t\t\t\t\n\t\t\t\t\t\t\t<\/div>\n\t\t\t\t\t\t<\/div>\n\t\t\t\t<\/div>\n\t\t\t\t<\/div>\n\t\t\t\t<\/div>\n\t\t<div class=\"elementor-element elementor-element-eb2ee3d e-con-full e-flex e-con e-child\" data-id=\"eb2ee3d\" data-element_type=\"container\" data-settings=\"{&quot;content_width&quot;:&quot;full&quot;,&quot;background_background&quot;:&quot;classic&quot;}\">\n\t\t\t\t<div class=\"elementor-element elementor-element-cd454a0 elementor-cta--valign-top elementor-cta--skin-classic elementor-animated-content elementor-bg-transform elementor-bg-transform-zoom-in elementor-widget elementor-widget-call-to-action\" data-id=\"cd454a0\" data-element_type=\"widget\" data-widget_type=\"call-to-action.default\">\n\t\t\t\t<div class=\"elementor-widget-container\">\n\t\t\t\t\t<div class=\"elementor-cta\">\n\t\t\t\t\t<div class=\"elementor-cta__bg-wrapper\">\n\t\t\t\t<div class=\"elementor-cta__bg elementor-bg\" style=\"background-image: url(https:\/\/madrigal-energies.fr\/wp-content\/uploads\/2023\/11\/1_1.png);\" role=\"img\" aria-label=\"1_1\"><\/div>\n\t\t\t\t<div class=\"elementor-cta__bg-overlay\"><\/div>\n\t\t\t<\/div>\n\t\t\t\t\t\t\t<div class=\"elementor-cta__content\">\n\t\t\t\t\n\t\t\t\t\t\t\t\t\t<h2 class=\"elementor-cta__title elementor-cta__content-item elementor-content-item\">\n\t\t\t\t\t\tVentilation - R\u00e9gulation\t\t\t\t\t<\/h2>\n\t\t\t\t\n\t\t\t\t\t\t\t\t\t<div class=\"elementor-cta__description elementor-cta__content-item elementor-content-item\">\n\t\t\t\t\t\tVentilation VMC double flux\n\nVMC simple flux hygror\u00e9glable\n\nProgrammateur de chauffage\n\nR\u00e9gulation par sonde\n\nRobinets thermostatiques\n\nDispositif d'affichage et d'interpr\u00e9tation des consommations pour un logement\n\nSyst\u00e8me de r\u00e9gulation par programmation d\u2019intermittence\n\nVMC simple flux autor\u00e9glable\t\t\t\t\t<\/div>\n\t\t\t\t\n\t\t\t\t\t\t\t<\/div>\n\t\t\t\t\t\t<\/div>\n\t\t\t\t<\/div>\n\t\t\t\t<\/div>\n\t\t\t\t<\/div>\n\t\t\t\t<\/div>\n\t\t<div class=\"elementor-element elementor-element-a400469 e-con-full e-flex elementor-invisible e-con e-parent\" data-id=\"a400469\" data-element_type=\"container\" data-settings=\"{&quot;background_background&quot;:&quot;classic&quot;,&quot;animation&quot;:&quot;fadeInUp&quot;,&quot;content_width&quot;:&quot;full&quot;}\" data-core-v316-plus=\"true\">\n\t\t<div class=\"elementor-element elementor-element-725009f e-con-full e-flex e-con e-child\" data-id=\"725009f\" data-element_type=\"container\" data-settings=\"{&quot;content_width&quot;:&quot;full&quot;}\">\n\t\t\t\t<div class=\"elementor-element elementor-element-285a29f elementor-widget elementor-widget-image\" data-id=\"285a29f\" data-element_type=\"widget\" data-widget_type=\"image.default\">\n\t\t\t\t<div class=\"elementor-widget-container\">\n\t\t\t\t\t\t\t\t\t\t\t\t\t\t\t<img loading=\"lazy\" decoding=\"async\" width=\"300\" height=\"300\" src=\"https:\/\/madrigal-energies.fr\/wp-content\/uploads\/2023\/10\/Yellow_and_white_minimalist_Linkedin_Profile_Picture-removebg-preview-300x300.png\" class=\"attachment-medium size-medium wp-image-1196\" alt=\"\" srcset=\"https:\/\/madrigal-energies.fr\/wp-content\/uploads\/2023\/10\/Yellow_and_white_minimalist_Linkedin_Profile_Picture-removebg-preview-300x300.png 300w, https:\/\/madrigal-energies.fr\/wp-content\/uploads\/2023\/10\/Yellow_and_white_minimalist_Linkedin_Profile_Picture-removebg-preview-150x150.png 150w, https:\/\/madrigal-energies.fr\/wp-content\/uploads\/2023\/10\/Yellow_and_white_minimalist_Linkedin_Profile_Picture-removebg-preview.png 500w\" sizes=\"auto, (max-width: 300px) 100vw, 300px\" \/>\t\t\t\t\t\t\t\t\t\t\t\t\t\t\t<\/div>\n\t\t\t\t<\/div>\n\t\t\t\t<\/div>\n\t\t<div class=\"elementor-element elementor-element-e587097 e-con-full e-flex e-con e-child\" data-id=\"e587097\" data-element_type=\"container\" data-settings=\"{&quot;content_width&quot;:&quot;full&quot;}\">\n\t\t\t\t<div class=\"elementor-element elementor-element-04df3b9 elementor-widget elementor-widget-spacer\" data-id=\"04df3b9\" data-element_type=\"widget\" data-widget_type=\"spacer.default\">\n\t\t\t\t<div class=\"elementor-widget-container\">\n\t\t\t\t\t<div class=\"elementor-spacer\">\n\t\t\t<div class=\"elementor-spacer-inner\"><\/div>\n\t\t<\/div>\n\t\t\t\t<\/div>\n\t\t\t\t<\/div>\n\t\t\t\t<div class=\"elementor-element elementor-element-a546cc8 elementor-widget elementor-widget-heading\" data-id=\"a546cc8\" data-element_type=\"widget\" data-widget_type=\"heading.default\">\n\t\t\t\t<div class=\"elementor-widget-container\">\n\t\t\t<h2 class=\"elementor-heading-title elementor-size-default\">Vos travaux de r\u00e9novation \u00e9nerg\u00e9tique en toute s\u00e9r\u00e9nit\u00e9<\/h2>\t\t<\/div>\n\t\t\t\t<\/div>\n\t\t\t\t<div class=\"elementor-element elementor-element-e6cc728 elementor-widget elementor-widget-heading\" data-id=\"e6cc728\" data-element_type=\"widget\" data-widget_type=\"heading.default\">\n\t\t\t\t<div class=\"elementor-widget-container\">\n\t\t\t<h2 class=\"elementor-heading-title elementor-size-medium\">B\u00e9n\u00e9ficiez d'un\u00a0accompagnement personnalis\u00e9\u00a0pour r\u00e9aliser votre projet\n<\/h2>\t\t<\/div>\n\t\t\t\t<\/div>\n\t\t\t\t<div class=\"elementor-element elementor-element-078d748 elementor-widget elementor-widget-text-editor\" data-id=\"078d748\" data-element_type=\"widget\" data-widget_type=\"text-editor.default\">\n\t\t\t\t<div class=\"elementor-widget-container\">\n\t\t\t\t\t\t\t<p>Auditeur \u00e9nerg\u00e9tique d\u00e9di\u00e9<\/p><p>Gestion des d\u00e9marches administratives<\/p><p>Montage du dossier de prime CEE<\/p><p>R\u00e9alisation des travaux<\/p><p>Inspection Cofrac des travaux<\/p>\t\t\t\t\t\t<\/div>\n\t\t\t\t<\/div>\n\t\t\t\t<div class=\"elementor-element elementor-element-040b0fc elementor-align-center elementor-widget elementor-widget-button\" data-id=\"040b0fc\" data-element_type=\"widget\" data-widget_type=\"button.default\">\n\t\t\t\t<div class=\"elementor-widget-container\">\n\t\t\t\t\t<div class=\"elementor-button-wrapper\">\n\t\t\t<a class=\"elementor-button elementor-button-link elementor-size-sm\" href=\"https:\/\/madrigal-energies.fr\/index.php\/contact\/\">\n\t\t\t\t\t\t<span class=\"elementor-button-content-wrapper\">\n\t\t\t\t\t\t<span class=\"elementor-button-text\">OBTENIR UN DEVIS<\/span>\n\t\t<\/span>\n\t\t\t\t\t<\/a>\n\t\t<\/div>\n\t\t\t\t<\/div>\n\t\t\t\t<\/div>\n\t\t\t\t<\/div>\n\t\t\t\t<\/div>\n\t\t\t\t\t\t\t<\/div>\n\t\t","protected":false},"excerpt":{"rendered":"<p>TRAVAUX DU SECTEUR R\u00c9SIDENTIEL Les travaux d&rsquo;\u00e9conomies d&rsquo;\u00e9nergie en secteur r\u00e9sidentiel regroupent un ensemble de mesures prises par le gouvernement pour r\u00e9duire la consommation d&rsquo;\u00e9nergie dans les habitations. Ils visent \u00e0 rendre les maisons plus efficaces du point de vue \u00e9nerg\u00e9tique, \u00e0 am\u00e9liorer le confort des occupants et \u00e0 r\u00e9duire les co\u00fbts \u00e9nerg\u00e9tiques. Ces travaux [&hellip;]<\/p>\n","protected":false},"author":1,"featured_media":0,"parent":0,"menu_order":0,"comment_status":"closed","ping_status":"closed","template":"","meta":{"footnotes":""},"class_list":["post-512","page","type-page","status-publish","hentry"],"_links":{"self":[{"href":"https:\/\/madrigal-energies.fr\/index.php\/wp-json\/wp\/v2\/pages\/512","targetHints":{"allow":["GET"]}}],"collection":[{"href":"https:\/\/madrigal-energies.fr\/index.php\/wp-json\/wp\/v2\/pages"}],"about":[{"href":"https:\/\/madrigal-energies.fr\/index.php\/wp-json\/wp\/v2\/types\/page"}],"author":[{"embeddable":true,"href":"https:\/\/madrigal-energies.fr\/index.php\/wp-json\/wp\/v2\/users\/1"}],"replies":[{"embeddable":true,"href":"https:\/\/madrigal-energies.fr\/index.php\/wp-json\/wp\/v2\/comments?post=512"}],"version-history":[{"count":214,"href":"https:\/\/madrigal-energies.fr\/index.php\/wp-json\/wp\/v2\/pages\/512\/revisions"}],"predecessor-version":[{"id":6231,"href":"https:\/\/madrigal-energies.fr\/index.php\/wp-json\/wp\/v2\/pages\/512\/revisions\/6231"}],"wp:attachment":[{"href":"https:\/\/madrigal-energies.fr\/index.php\/wp-json\/wp\/v2\/media?parent=512"}],"curies":[{"name":"wp","href":"https:\/\/api.w.org\/{rel}","templated":true}]}}